{"id":11,"date":"2015-04-09T11:23:44","date_gmt":"2015-04-09T11:23:44","guid":{"rendered":"http:\/\/www.navusbrass.com\/de\/?page_id=11"},"modified":"2015-04-09T11:23:44","modified_gmt":"2015-04-09T11:23:44","slug":"firmen-konzerte","status":"publish","type":"page","link":"https:\/\/www.navusbrass.com\/de\/firmen-konzerte","title":{"rendered":"Firmen Konzerte"},"content":{"rendered":"<p>Diese Programme k\u00f6nnen reichen von einer Konzertdarbietung auf einer Gesch\u00e4ftsfeier, einem Unterhaltungskonzert zu einer Konferenz oder in untergeordneter Rolle zur Begr\u00fc\u00dfung von Gesch\u00e4ftsleuten beim Eintreffen auf einer Konferenz. Au\u00dferdem bieten wir Hintergrundmusik, z.B. w\u00e4hrend eines Dinners.<\/p>\n<p>Wir helfen der Gesch\u00e4ftswelt, sei es durch Unterst\u00fctzung der Besch\u00e4ftigten oder noch wichtiger der Kunden. Hochwertige Live-Musik kann die Zufriedenheit der Gesch\u00e4ftskunden steigern. Navus Brass schafft ein angenehmes Klima f\u00fcr Kunden, die mit einem solchen Unternehmen in Gesch\u00e4ftsbeziehung treten.<\/p>\n<p>&nbsp;<\/p>\n<p>&nbsp;<\/p>\n<p>&nbsp;<\/p>\n<p>&nbsp;<\/p>\n","protected":false},"excerpt":{"rendered":"<p>Diese Programme k\u00f6nnen reichen von einer Konzertdarbietung auf einer Gesch\u00e4ftsfeier, einem Unterhaltungskonzert zu einer Konferenz oder in untergeordneter Rolle zur Begr\u00fc\u00dfung von Gesch\u00e4ftsleuten beim Eintreffen auf einer Konferenz. Au\u00dferdem bieten wir Hintergrundmusik, z.B. w\u00e4hrend eines Dinners. Wir helfen der Gesch\u00e4ftswelt, sei es durch Unterst\u00fctzung der Besch\u00e4ftigten oder noch wichtiger der Kunden. Hochwertige Live-Musik kann die [&hellip;]<\/p>\n","protected":false},"author":1,"featured_media":0,"parent":0,"menu_order":0,"comment_status":"closed","ping_status":"closed","template":"","meta":[],"_links":{"self":[{"href":"https:\/\/www.navusbrass.com\/de\/wp-json\/wp\/v2\/pages\/11"}],"collection":[{"href":"https:\/\/www.navusbrass.com\/de\/wp-json\/wp\/v2\/pages"}],"about":[{"href":"https:\/\/www.navusbrass.com\/de\/wp-json\/wp\/v2\/types\/page"}],"author":[{"embeddable":true,"href":"https:\/\/www.navusbrass.com\/de\/wp-json\/wp\/v2\/users\/1"}],"replies":[{"embeddable":true,"href":"https:\/\/www.navusbrass.com\/de\/wp-json\/wp\/v2\/comments?post=11"}],"version-history":[{"count":1,"href":"https:\/\/www.navusbrass.com\/de\/wp-json\/wp\/v2\/pages\/11\/revisions"}],"predecessor-version":[{"id":12,"href":"https:\/\/www.navusbrass.com\/de\/wp-json\/wp\/v2\/pages\/11\/revisions\/12"}],"wp:attachment":[{"href":"https:\/\/www.navusbrass.com\/de\/wp-json\/wp\/v2\/media?parent=11"}],"curies":[{"name":"wp","href":"https:\/\/api.w.org\/{rel}","templated":true}]}}