{"id":111,"date":"2021-02-23T22:31:25","date_gmt":"2021-02-23T21:31:25","guid":{"rendered":"http:\/\/www.navusbrass.com\/de\/?page_id=111"},"modified":"2021-02-23T23:05:33","modified_gmt":"2021-02-23T22:05:33","slug":"yoichi-murakami","status":"publish","type":"page","link":"https:\/\/www.navusbrass.com\/de\/yoichi-murakami","title":{"rendered":"Yoichi Murakami"},"content":{"rendered":"<p><img loading=\"lazy\" class=\"alignleft size-medium wp-image-113\" src=\"http:\/\/www.navusbrass.com\/de\/wp-content\/uploads\/2021\/02\/23-111-page\/Yoichi-Bio-Photo-Website-200x300.jpg\" alt=\"\" width=\"200\" height=\"300\" srcset=\"https:\/\/www.navusbrass.com\/de\/wp-content\/uploads\/2021\/02\/23-111-page\/Yoichi-Bio-Photo-Website-200x300.jpg 200w, https:\/\/www.navusbrass.com\/de\/wp-content\/uploads\/2021\/02\/23-111-page\/Yoichi-Bio-Photo-Website.jpg 427w\" sizes=\"(max-width: 200px) 100vw, 200px\" \/><\/p>\n<p>Yoichi Murakami kam nach Europa, um sein Studium im Fach Horn fortzuf\u00fchren, nachdem er sein Studium am Tokyo College of Music als Jahrgangsbester abgeschlossen hatte. Er wuchs in Japan zwischen Osaka und Kobe auf. Als Jugendlicher entwickelte er sich schnell zu einem gefragten Hornisten. Seine Professoren in Japan waren unter anderem Kozo Moriyama, Suekatsu Nishida und Masato Yoshinaga.<\/p>\n<p>Er f\u00fchrte sein Studium in Hannover an der Hochschule f\u00fcr Musik und Tanz bei Professor Markus Maskuniity fort und schloss es 2014 ab. Sein unabl\u00e4ssiger Wunsch, zu lernen und sein musikalisches Talent weiterzuentwickeln, f\u00fchrte ihn nach K\u00f6ln, wo er an der Hochschule bei Ulrich H\u00fcbner Naturhorn studierte.<\/p>\n<p>Yoichi Murakami trat unter anderem mit den Bremer Philharmonikern, dem G\u00f6ttinger Sinfonieorchester, dem Neuen Philharmonieorchester Japan und dem Tokyo City Center Orchestra auf. Er war 2014 einer der Finalisten in der Japan Music Competition. 2011 war er eingeladen, mit dem renommierten Schleswig-Holstein Musik Festival Orchester zu spielen. Mit der Sinfonietta K\u00f6ln und am Tokyo College of Music trat er als Solist auf.<\/p>\n<p>Die letzten Jahre waren von zahlreichen Engagements bei verschiedenen modernen Orchestern, Barockorchestern und Kammermusik-Ensembles in der Region K\u00f6ln ausgef\u00fcllt.<\/p>\n","protected":false},"excerpt":{"rendered":"<p>Yoichi Murakami kam nach Europa, um sein Studium im Fach Horn fortzuf\u00fchren, nachdem er sein Studium am Tokyo College of Music als Jahrgangsbester abgeschlossen hatte. Er wuchs in Japan zwischen Osaka und Kobe auf. Als Jugendlicher entwickelte er sich schnell zu einem gefragten Hornisten. Seine Professoren in Japan waren unter anderem Kozo Moriyama, Suekatsu Nishida [&hellip;]<\/p>\n","protected":false},"author":1,"featured_media":0,"parent":0,"menu_order":0,"comment_status":"closed","ping_status":"closed","template":"","meta":[],"_links":{"self":[{"href":"https:\/\/www.navusbrass.com\/de\/wp-json\/wp\/v2\/pages\/111"}],"collection":[{"href":"https:\/\/www.navusbrass.com\/de\/wp-json\/wp\/v2\/pages"}],"about":[{"href":"https:\/\/www.navusbrass.com\/de\/wp-json\/wp\/v2\/types\/page"}],"author":[{"embeddable":true,"href":"https:\/\/www.navusbrass.com\/de\/wp-json\/wp\/v2\/users\/1"}],"replies":[{"embeddable":true,"href":"https:\/\/www.navusbrass.com\/de\/wp-json\/wp\/v2\/comments?post=111"}],"version-history":[{"count":3,"href":"https:\/\/www.navusbrass.com\/de\/wp-json\/wp\/v2\/pages\/111\/revisions"}],"predecessor-version":[{"id":119,"href":"https:\/\/www.navusbrass.com\/de\/wp-json\/wp\/v2\/pages\/111\/revisions\/119"}],"wp:attachment":[{"href":"https:\/\/www.navusbrass.com\/de\/wp-json\/wp\/v2\/media?parent=111"}],"curies":[{"name":"wp","href":"https:\/\/api.w.org\/{rel}","templated":true}]}}