{"id":115,"date":"2021-02-23T22:33:43","date_gmt":"2021-02-23T21:33:43","guid":{"rendered":"http:\/\/www.navusbrass.com\/de\/?page_id=115"},"modified":"2021-02-23T23:10:41","modified_gmt":"2021-02-23T22:10:41","slug":"roberto-arias-gonzalez","status":"publish","type":"page","link":"https:\/\/www.navusbrass.com\/de\/roberto-arias-gonzalez","title":{"rendered":"Roberto Arias Gonz\u00e1lez"},"content":{"rendered":"<p><img loading=\"lazy\" class=\"alignleft size-medium wp-image-112\" src=\"http:\/\/www.navusbrass.com\/de\/wp-content\/uploads\/2021\/02\/23-111-page\/Roberto-Arias-Biofoto-Web-300x169.jpeg\" alt=\"\" width=\"300\" height=\"169\" srcset=\"https:\/\/www.navusbrass.com\/de\/wp-content\/uploads\/2021\/02\/23-111-page\/Roberto-Arias-Biofoto-Web-300x169.jpeg 300w, https:\/\/www.navusbrass.com\/de\/wp-content\/uploads\/2021\/02\/23-111-page\/Roberto-Arias-Biofoto-Web.jpeg 640w\" sizes=\"(max-width: 300px) 100vw, 300px\" \/><\/p>\n<p>Roberto Arias Gonz\u00e1lez wurde 1989 in Madrid geboren.<\/p>\n<p>Er studierte Musik am \u201eCentro Superior de M\u00fasica del Pa\u00eds Vasco\u201c (MUSIKENE) bei Luis Gonz\u00e1lez Mart\u00ed und zog sp\u00e4ter nach Deutschland, um an der Hochschule f\u00fcr Musik und Tanz K\u00f6ln bei dem Trompeter Urban Agnas zu studieren.<\/p>\n<p style=\"font-weight: 400;\">Im Jahr 2018 erhielt er einen Praktikumsplatz im Sinfonieorchester Aachen und 2019 erkl\u00e4rte er sich bereit, als Akademist im Mahler Chamber Orchestra mitzuwirken.<\/p>\n<p style=\"font-weight: 400;\">Er hat mit professionellen Orchestern in Spanien, Deutschland und den Niederlanden zusammengearbeitet, darunter das Euskadi-Sinfonieorchester, das Orquesta de Radio\u00a0y Televisi\u00f3n Espa\u00f1ola, das G\u00fcrzenich-Orchester K\u00f6ln und das Noord Netherlands Orchestra.<\/p>\n<p style=\"font-weight: 400;\">Derzeit arbeitet er freiberuflich und studiert Barocktrompete an der Hochschule f\u00fcr Musik und Tanz K\u00f6ln bei \u00a0Thibaud Robinne.<\/p>\n<p>&nbsp;<\/p>\n","protected":false},"excerpt":{"rendered":"<p>Roberto Arias Gonz\u00e1lez wurde 1989 in Madrid geboren. Er studierte Musik am \u201eCentro Superior de M\u00fasica del Pa\u00eds Vasco\u201c (MUSIKENE) bei Luis Gonz\u00e1lez Mart\u00ed und zog sp\u00e4ter nach Deutschland, um an der Hochschule f\u00fcr Musik und Tanz K\u00f6ln bei dem Trompeter Urban Agnas zu studieren. Im Jahr 2018 erhielt er einen Praktikumsplatz im Sinfonieorchester Aachen [&hellip;]<\/p>\n","protected":false},"author":1,"featured_media":0,"parent":0,"menu_order":0,"comment_status":"closed","ping_status":"closed","template":"","meta":[],"_links":{"self":[{"href":"https:\/\/www.navusbrass.com\/de\/wp-json\/wp\/v2\/pages\/115"}],"collection":[{"href":"https:\/\/www.navusbrass.com\/de\/wp-json\/wp\/v2\/pages"}],"about":[{"href":"https:\/\/www.navusbrass.com\/de\/wp-json\/wp\/v2\/types\/page"}],"author":[{"embeddable":true,"href":"https:\/\/www.navusbrass.com\/de\/wp-json\/wp\/v2\/users\/1"}],"replies":[{"embeddable":true,"href":"https:\/\/www.navusbrass.com\/de\/wp-json\/wp\/v2\/comments?post=115"}],"version-history":[{"count":3,"href":"https:\/\/www.navusbrass.com\/de\/wp-json\/wp\/v2\/pages\/115\/revisions"}],"predecessor-version":[{"id":121,"href":"https:\/\/www.navusbrass.com\/de\/wp-json\/wp\/v2\/pages\/115\/revisions\/121"}],"wp:attachment":[{"href":"https:\/\/www.navusbrass.com\/de\/wp-json\/wp\/v2\/media?parent=115"}],"curies":[{"name":"wp","href":"https:\/\/api.w.org\/{rel}","templated":true}]}}