{"id":31,"date":"2015-04-09T11:39:11","date_gmt":"2015-04-09T11:39:11","guid":{"rendered":"http:\/\/www.navusbrass.com\/de\/?page_id=31"},"modified":"2021-02-27T18:17:08","modified_gmt":"2021-02-27T17:17:08","slug":"jochenpaule","status":"publish","type":"page","link":"https:\/\/www.navusbrass.com\/de\/jochenpaule","title":{"rendered":"Jochen Paule, Bassposaune"},"content":{"rendered":"<p><img loading=\"lazy\" class=\"alignleft size-medium wp-image-124\" src=\"http:\/\/www.navusbrass.com\/de\/wp-content\/uploads\/2021\/02\/27-31-page\/Jochen-Foto-226x300.jpg\" alt=\"\" width=\"226\" height=\"300\" srcset=\"https:\/\/www.navusbrass.com\/de\/wp-content\/uploads\/2021\/02\/27-31-page\/Jochen-Foto-226x300.jpg 226w, https:\/\/www.navusbrass.com\/de\/wp-content\/uploads\/2021\/02\/27-31-page\/Jochen-Foto-772x1024.jpg 772w, https:\/\/www.navusbrass.com\/de\/wp-content\/uploads\/2021\/02\/27-31-page\/Jochen-Foto-768x1019.jpg 768w, https:\/\/www.navusbrass.com\/de\/wp-content\/uploads\/2021\/02\/27-31-page\/Jochen-Foto.jpg 1139w\" sizes=\"(max-width: 226px) 100vw, 226px\" \/><\/p>\n<p>Jochen Paule wurde in Bamberg geboren. Er studierte Bassposaune an der Hochschule f\u00fcr Musik und Theater in Hamburg bei Prof. Uwe Leonbacher, wo er 2009 sein Diplom f\u00fcr Orchestermusik erwarb. 2012 schloss er den Master of Music-Studiengang bei Prof. Ulrich Flad an der Hochschule f\u00fcr Musik und Tanz in K\u00f6ln ab.<\/p>\n<p>Erfahrungen als Aushilfe sammelte er am Theater L\u00fcneburg. Weitere Stationen waren und sind die Mannheimer Philharmoniker, das Philharmonische Orchester L\u00fcbeck, das Philharmonische Orchester Hamburg, die Philharmonie S\u00fcdwestfalen, das Theater Hagen sowie Ensembles wie &#8230; Navus Brass.<\/p>\n<p>Seit 2015 ist er als Wechselposaunist beim Landespolizeiorchester NRW angestellt.<\/p>\n","protected":false},"excerpt":{"rendered":"<p>Jochen Paule wurde in Bamberg geboren. Er studierte Bassposaune an der Hochschule f\u00fcr Musik und Theater in Hamburg bei Prof. Uwe Leonbacher, wo er 2009 sein Diplom f\u00fcr Orchestermusik erwarb. 2012 schloss er den Master of Music-Studiengang bei Prof. Ulrich Flad an der Hochschule f\u00fcr Musik und Tanz in K\u00f6ln ab. Erfahrungen als Aushilfe sammelte [&hellip;]<\/p>\n","protected":false},"author":1,"featured_media":0,"parent":0,"menu_order":0,"comment_status":"closed","ping_status":"closed","template":"","meta":[],"_links":{"self":[{"href":"https:\/\/www.navusbrass.com\/de\/wp-json\/wp\/v2\/pages\/31"}],"collection":[{"href":"https:\/\/www.navusbrass.com\/de\/wp-json\/wp\/v2\/pages"}],"about":[{"href":"https:\/\/www.navusbrass.com\/de\/wp-json\/wp\/v2\/types\/page"}],"author":[{"embeddable":true,"href":"https:\/\/www.navusbrass.com\/de\/wp-json\/wp\/v2\/users\/1"}],"replies":[{"embeddable":true,"href":"https:\/\/www.navusbrass.com\/de\/wp-json\/wp\/v2\/comments?post=31"}],"version-history":[{"count":7,"href":"https:\/\/www.navusbrass.com\/de\/wp-json\/wp\/v2\/pages\/31\/revisions"}],"predecessor-version":[{"id":126,"href":"https:\/\/www.navusbrass.com\/de\/wp-json\/wp\/v2\/pages\/31\/revisions\/126"}],"wp:attachment":[{"href":"https:\/\/www.navusbrass.com\/de\/wp-json\/wp\/v2\/media?parent=31"}],"curies":[{"name":"wp","href":"https:\/\/api.w.org\/{rel}","templated":true}]}}