{"id":4,"date":"2015-04-09T11:16:56","date_gmt":"2015-04-09T11:16:56","guid":{"rendered":"http:\/\/www.navusbrass.com\/de\/?page_id=4"},"modified":"2015-04-09T11:16:56","modified_gmt":"2015-04-09T11:16:56","slug":"alten-und-pflegeheime-konzerte","status":"publish","type":"page","link":"https:\/\/www.navusbrass.com\/de\/alten-und-pflegeheime-konzerte","title":{"rendered":"Alten und Pflegeheime Konzerte"},"content":{"rendered":"<p>Unsere Programme f\u00fcr Altenheime reichen von 45-min\u00fctigen Auftritten bis zu vollst\u00e4ndigen Konzerten. Wir verf\u00fcgen \u00fcber ein breites Repertoire von Barock bis Swing und versuchen immer, bekannte Oldies zu spielen. Bei der Gestaltung unserer Programme ber\u00fccksichtigen wir die Situation der Altenheime. Manche Heime verf\u00fcgen nur \u00fcber kleine R\u00e4ume f\u00fcr 20 &#8211; 40 Personen statt gro\u00dfer S\u00e4le.<\/p>\n<p>Wir sind in der Lage, uns auf die r\u00e4umlichen Gegebenheiten einzustellen, und meistens f\u00f6rdert Raumnot die Interaktion mit den Zuh\u00f6rern. Wir betrachten es als Ehre, vor diesen besonderen Zuh\u00f6rern aufzutreten. Wir lernen so viel von ihnen und bringen ihnen gerne Live-Musik in ihr Zuhause.<\/p>\n","protected":false},"excerpt":{"rendered":"<p>Unsere Programme f\u00fcr Altenheime reichen von 45-min\u00fctigen Auftritten bis zu vollst\u00e4ndigen Konzerten. Wir verf\u00fcgen \u00fcber ein breites Repertoire von Barock bis Swing und versuchen immer, bekannte Oldies zu spielen. Bei der Gestaltung unserer Programme ber\u00fccksichtigen wir die Situation der Altenheime. Manche Heime verf\u00fcgen nur \u00fcber kleine R\u00e4ume f\u00fcr 20 &#8211; 40 Personen statt gro\u00dfer S\u00e4le. [&hellip;]<\/p>\n","protected":false},"author":1,"featured_media":0,"parent":0,"menu_order":0,"comment_status":"closed","ping_status":"closed","template":"","meta":[],"_links":{"self":[{"href":"https:\/\/www.navusbrass.com\/de\/wp-json\/wp\/v2\/pages\/4"}],"collection":[{"href":"https:\/\/www.navusbrass.com\/de\/wp-json\/wp\/v2\/pages"}],"about":[{"href":"https:\/\/www.navusbrass.com\/de\/wp-json\/wp\/v2\/types\/page"}],"author":[{"embeddable":true,"href":"https:\/\/www.navusbrass.com\/de\/wp-json\/wp\/v2\/users\/1"}],"replies":[{"embeddable":true,"href":"https:\/\/www.navusbrass.com\/de\/wp-json\/wp\/v2\/comments?post=4"}],"version-history":[{"count":1,"href":"https:\/\/www.navusbrass.com\/de\/wp-json\/wp\/v2\/pages\/4\/revisions"}],"predecessor-version":[{"id":5,"href":"https:\/\/www.navusbrass.com\/de\/wp-json\/wp\/v2\/pages\/4\/revisions\/5"}],"wp:attachment":[{"href":"https:\/\/www.navusbrass.com\/de\/wp-json\/wp\/v2\/media?parent=4"}],"curies":[{"name":"wp","href":"https:\/\/api.w.org\/{rel}","templated":true}]}}