{"id":40,"date":"2015-04-09T11:43:58","date_gmt":"2015-04-09T11:43:58","guid":{"rendered":"http:\/\/www.navusbrass.com\/de\/?page_id=40"},"modified":"2021-11-05T16:38:04","modified_gmt":"2021-11-05T15:38:04","slug":"konzerte","status":"publish","type":"page","link":"https:\/\/www.navusbrass.com\/de\/konzerte","title":{"rendered":"Aktuelle Termine:"},"content":{"rendered":"<p><strong>Navus trifft Renaissance und Barock<\/strong>,<\/p>\n<p>Werke von u.a. Purcell, H\u00e4ndel, Telemann und Gabrieli<\/p>\n<p>Gesponsert durch <em><strong>Neu Start Kultur<\/strong><\/em><\/p>\n<p><img loading=\"lazy\" class=\"alignleft size-thumbnail wp-image-134\" src=\"http:\/\/www.navusbrass.com\/de\/wp-content\/uploads\/2021\/09\/08-40-page\/BKM_Neustart_Kultur_Wortmarke_neg_RGB_RZ-1-150x150.png\" alt=\"\" width=\"150\" height=\"150\" \/><\/p>\n<p>&nbsp;<\/p>\n<p>&nbsp;<\/p>\n<p>&nbsp;<\/p>\n<p>&nbsp;<\/p>\n<p>&nbsp;<\/p>\n<p>Die Aufgenommenen Konzerte Links von Neustart werden bis 1.1.2022 verf\u00fcgbar sein. Wir bedanken uns bei unserem Publikum und hoffen, dass wir Sie bald Live im Publikum begr\u00fc\u00dfen d\u00fcrfen.<\/p>\n<p>&nbsp;<\/p>\n<p><strong>Konzert von Sonntag 26.9.2021 um 18 Uhr<\/strong><\/p>\n<p>St. Pius<br \/>\nGottesweg 14<br \/>\n50969 K\u00f6ln<\/p>\n<p><iframe title=\"Navus Brass: Blech trifft Renaissance und Barock, St. Pius\" width=\"500\" height=\"281\" src=\"https:\/\/www.youtube.com\/embed\/tw0IXohGabE?feature=oembed\" frameborder=\"0\" allow=\"accelerometer; autoplay; clipboard-write; encrypted-media; gyroscope; picture-in-picture\" allowfullscreen><\/iframe><\/p>\n<p>&nbsp;<\/p>\n<p><strong>Konzert von Samstag 25.9.2021 um 18 Uhr<\/strong><\/p>\n<p>Kirche Herz-Jesu<br \/>\nLudwigstrasse 54<br \/>\n42105 Wuppertal<\/p>\n<p><iframe title=\"Navus Brass: Blech trifft Renaissance und Barock, Herz Jesu\" width=\"500\" height=\"281\" src=\"https:\/\/www.youtube.com\/embed\/VUNuCuoh5K0?feature=oembed\" frameborder=\"0\" allow=\"accelerometer; autoplay; clipboard-write; encrypted-media; gyroscope; picture-in-picture\" allowfullscreen><\/iframe><\/p>\n<p>&nbsp;<\/p>\n<p>&nbsp;<\/p>\n<p>&nbsp;<\/p>\n<p>&nbsp;<\/p>\n<p>&nbsp;<\/p>\n<p>&nbsp;<\/p>\n<p>&nbsp;<\/p>\n","protected":false},"excerpt":{"rendered":"<p>Navus trifft Renaissance und Barock, Werke von u.a. Purcell, H\u00e4ndel, Telemann und Gabrieli Gesponsert durch Neu Start Kultur &nbsp; &nbsp; &nbsp; &nbsp; &nbsp; Die Aufgenommenen Konzerte Links von Neustart werden bis 1.1.2022 verf\u00fcgbar sein. Wir bedanken uns bei unserem Publikum und hoffen, dass wir Sie bald Live im Publikum begr\u00fc\u00dfen d\u00fcrfen. &nbsp; Konzert von Sonntag [&hellip;]<\/p>\n","protected":false},"author":1,"featured_media":0,"parent":0,"menu_order":0,"comment_status":"closed","ping_status":"closed","template":"","meta":[],"_links":{"self":[{"href":"https:\/\/www.navusbrass.com\/de\/wp-json\/wp\/v2\/pages\/40"}],"collection":[{"href":"https:\/\/www.navusbrass.com\/de\/wp-json\/wp\/v2\/pages"}],"about":[{"href":"https:\/\/www.navusbrass.com\/de\/wp-json\/wp\/v2\/types\/page"}],"author":[{"embeddable":true,"href":"https:\/\/www.navusbrass.com\/de\/wp-json\/wp\/v2\/users\/1"}],"replies":[{"embeddable":true,"href":"https:\/\/www.navusbrass.com\/de\/wp-json\/wp\/v2\/comments?post=40"}],"version-history":[{"count":31,"href":"https:\/\/www.navusbrass.com\/de\/wp-json\/wp\/v2\/pages\/40\/revisions"}],"predecessor-version":[{"id":148,"href":"https:\/\/www.navusbrass.com\/de\/wp-json\/wp\/v2\/pages\/40\/revisions\/148"}],"wp:attachment":[{"href":"https:\/\/www.navusbrass.com\/de\/wp-json\/wp\/v2\/media?parent=40"}],"curies":[{"name":"wp","href":"https:\/\/api.w.org\/{rel}","templated":true}]}}