{"id":45,"date":"2015-04-09T11:46:38","date_gmt":"2015-04-09T11:46:38","guid":{"rendered":"http:\/\/www.navusbrass.com\/de\/?page_id=45"},"modified":"2015-04-09T11:46:38","modified_gmt":"2015-04-09T11:46:38","slug":"schulkonzerte","status":"publish","type":"page","link":"https:\/\/www.navusbrass.com\/de\/schulkonzerte","title":{"rendered":"Schulkonzerte"},"content":{"rendered":"<p>Wir bieten eine Vielzahl von Konzertporgrammen an, zugeschnitten f\u00fcr Grundschulen und weiterf\u00fchrende Schulen sowie Hochschulseminare f\u00fcr 10 bis 30 Studenten. Hier ist ein \u00dcberblick \u00fcber einige unserer Programme:<\/p>\n<p><strong><img loading=\"lazy\" class=\"alignright size-full wp-image-273\" src=\"http:\/\/www.caseyreeve.com\/deutsch\/wp-content\/uploads\/2012\/07\/Snapshot-2-3-6-2014-2-01-PM.png\" alt=\"SchoolProgram\" width=\"552\" height=\"311\" \/>Grundschulkonzerte<\/strong><\/p>\n<p>Hier konzentrieren wir uns auf grundlegende, einfache Prinzipien. Wir zeigen, wie Blechblasinstrumente funktionieren, was der Unterschied zwischen den verschiedenen Blechblasinstrumenten ist und wie wir miteinander umgehen m\u00fcssen, um Musik zu spielen ist. Die Sch\u00fcler sind aktiv in den Ablauf des Programms eingebunden. Ein typisches Grundschul-Programm dauert etwa 45 bis 55 Minuten, je nach Bedarf der Schule.<\/p>\n<p><strong>Konzertprogramme f\u00fcr weiterf\u00fchrende Schulen<\/strong><\/p>\n<p>Diese Programme richten sich an Kinder im Alter von 12 bis 14 Jahren. Wir spielen sowohl klassische Musik als auch Jazz, das f\u00fcr diese Altersgruppe gut ausbalanciert ist. Wir passen das Programm an die Anzahl der Sch\u00fcler sowie deren aktuelle musikalische Ausbildung an.<\/p>\n<p><strong>Konzerte f\u00fcr h\u00f6here Jahrgangsstufen<\/strong><\/p>\n<p>Im Allgemeinen sind diese Programme f\u00fcr ein breites Publikum, unter anderem f\u00fcr Interessierte an ein Musikstudium. Diese Programme dauern in der Regel eine Stunde, k\u00f6nnen aber entsprechend den spezifischen Bed\u00fcrfnissen der Schule ver\u00e4ndert werden. Wir spielen ein breites Spektrum an musikalischen Stilrichtungen, angefangen von der Barockzeit bis hin zu Filmthemen.<\/p>\n<p><strong>Konzerte f\u00fcr die Oberstufe bzw. Musik-Leistungskurse<\/strong><\/p>\n<p>Dieses Programm ist f\u00fcr eine viel kleinere Zahl von Sch\u00fclern, von 10 bis 30. F\u00fcr diese Musik-Klassen sind diese Programme eher wie Meisterkurse. Wir spielen und besprechen bestimmte St\u00fccke, wie wir daran arbeiten, geben Vorschl\u00e4ge, wie man \u00fcben kann, sowohl einzeln als auch als Gruppe und beantworten Fragen der Sch\u00fcler, die sich aus der Zusammenarbeit ergeben.<\/p>\n<p><strong>Musikschul-Konzerte<\/strong><\/p>\n<p>Es ist immer eine Freude f\u00fcr uns, an eine Musikschule zu gehen und den Musikschulsch\u00fclern zu zeigen, was wir gelernt haben. In diesen Programmen versuchen wir, sowohl zu spielen als auch Fragen zu beantworten.<\/p>\n","protected":false},"excerpt":{"rendered":"<p>Wir bieten eine Vielzahl von Konzertporgrammen an, zugeschnitten f\u00fcr Grundschulen und weiterf\u00fchrende Schulen sowie Hochschulseminare f\u00fcr 10 bis 30 Studenten. Hier ist ein \u00dcberblick \u00fcber einige unserer Programme: Grundschulkonzerte Hier konzentrieren wir uns auf grundlegende, einfache Prinzipien. Wir zeigen, wie Blechblasinstrumente funktionieren, was der Unterschied zwischen den verschiedenen Blechblasinstrumenten ist und wie wir miteinander umgehen [&hellip;]<\/p>\n","protected":false},"author":1,"featured_media":0,"parent":0,"menu_order":0,"comment_status":"closed","ping_status":"closed","template":"","meta":[],"_links":{"self":[{"href":"https:\/\/www.navusbrass.com\/de\/wp-json\/wp\/v2\/pages\/45"}],"collection":[{"href":"https:\/\/www.navusbrass.com\/de\/wp-json\/wp\/v2\/pages"}],"about":[{"href":"https:\/\/www.navusbrass.com\/de\/wp-json\/wp\/v2\/types\/page"}],"author":[{"embeddable":true,"href":"https:\/\/www.navusbrass.com\/de\/wp-json\/wp\/v2\/users\/1"}],"replies":[{"embeddable":true,"href":"https:\/\/www.navusbrass.com\/de\/wp-json\/wp\/v2\/comments?post=45"}],"version-history":[{"count":1,"href":"https:\/\/www.navusbrass.com\/de\/wp-json\/wp\/v2\/pages\/45\/revisions"}],"predecessor-version":[{"id":46,"href":"https:\/\/www.navusbrass.com\/de\/wp-json\/wp\/v2\/pages\/45\/revisions\/46"}],"wp:attachment":[{"href":"https:\/\/www.navusbrass.com\/de\/wp-json\/wp\/v2\/media?parent=45"}],"curies":[{"name":"wp","href":"https:\/\/api.w.org\/{rel}","templated":true}]}}