{"id":50,"date":"2015-04-09T11:49:18","date_gmt":"2015-04-09T11:49:18","guid":{"rendered":"http:\/\/www.navusbrass.com\/de\/?page_id=50"},"modified":"2015-04-09T11:49:18","modified_gmt":"2015-04-09T11:49:18","slug":"unser-ziel","status":"publish","type":"page","link":"https:\/\/www.navusbrass.com\/de\/unser-ziel","title":{"rendered":"Unser Ziel"},"content":{"rendered":"<p>Navus Brass wurde mit dem Ziel gegr\u00fcndet, mit Musik &#8211; insbesondere Blechbl\u00e4sermusik &#8211; die Gemeinschaft, in der wir leben, zu st\u00e4rken. Musik kann Menschen zueinander bringen, Belastungen lindern, tr\u00f6sten, Freude schaffen und bilden. Musik kann Dinge, die sonst unm\u00f6glich sind; sie ber\u00fchrt Menschen mehr als Worte es k\u00f6nnen.<\/p>\n<p>Einfach ausgedr\u00fcckt: Musik ist die Sprache der Seele. Sie ist eine Sprache, die wir alle brauchen. Sie ist echt, authentisch und vor allem heilsam. Und das ist das wesentliche Ziel von Navus Brass, denen, die sich abm\u00fchen, leiden, mit Schmerzen leben, zu helfen und wenigstens einen Moment der Freude in ihr Leben zu bringen. Wir m\u00f6chten mit unseren Zuh\u00f6rern in einem vertrauteren Rahmen interagieren, die Barrieren zwischen K\u00fcnstler und Publikum abbauen.<\/p>\n<p>Im folgenden einige Wege, mit denen Navus Brass dieses Ziel verfolgt:<\/p>\n<p><img loading=\"lazy\" class=\"alignleft size-medium wp-image-58\" src=\"http:\/\/www.caseyreeve.com\/deutsch\/wp-content\/uploads\/2012\/04\/DSCN0104-300x225.jpg\" alt=\"DSCN0104\" width=\"300\" height=\"225\" \/><em>Erziehung der Jugendlichen, indem sie in einer freundlichen, entspannten Umgebung\u00a0 Kammermusik aus erster Hand erleben. Das erm\u00f6glicht ihnen auch, Fragen zu stellen und klassische Musik zu erleben. Wir m\u00f6chten der Jugend eine st\u00e4rkere Verbundenheit mit klassischer Musik vermitteln, wodurch sie f\u00fcr ihr Leben, unabh\u00e4ngig vom gew\u00e4hlten Beruf, unsch\u00e4tzbar wertvolle Lektionen lernen.<\/em><\/p>\n<p><em>\u00a0Unterst\u00fctzung der \u00e4lteren Generation durch Konzerte in Altenheimen, Krankenh\u00e4usern und an anderen Veranstaltungsorten.<\/em><\/p>\n<p><em>\u00a0Kirchenkonzerte sowie Auftritte in Gottesdiensten.<\/em><\/p>\n<p>Dadurch helfen wir denen, die uns h\u00f6ren und zuh\u00f6ren. Wir spielen nicht f\u00fcr unseren eigenen Ruhm, sondern wollen zuerst einmal unseren Zuh\u00f6rern helfen.<\/p>\n<p>Wir m\u00f6chten eine positive Kraft in unserer Gesellschaft sein und wissen, dass dieses Ziel mit Blechbl\u00e4ser-Musik erreichbar ist.<\/p>\n","protected":false},"excerpt":{"rendered":"<p>Navus Brass wurde mit dem Ziel gegr\u00fcndet, mit Musik &#8211; insbesondere Blechbl\u00e4sermusik &#8211; die Gemeinschaft, in der wir leben, zu st\u00e4rken. Musik kann Menschen zueinander bringen, Belastungen lindern, tr\u00f6sten, Freude schaffen und bilden. Musik kann Dinge, die sonst unm\u00f6glich sind; sie ber\u00fchrt Menschen mehr als Worte es k\u00f6nnen. Einfach ausgedr\u00fcckt: Musik ist die Sprache der [&hellip;]<\/p>\n","protected":false},"author":1,"featured_media":0,"parent":0,"menu_order":0,"comment_status":"closed","ping_status":"closed","template":"","meta":[],"_links":{"self":[{"href":"https:\/\/www.navusbrass.com\/de\/wp-json\/wp\/v2\/pages\/50"}],"collection":[{"href":"https:\/\/www.navusbrass.com\/de\/wp-json\/wp\/v2\/pages"}],"about":[{"href":"https:\/\/www.navusbrass.com\/de\/wp-json\/wp\/v2\/types\/page"}],"author":[{"embeddable":true,"href":"https:\/\/www.navusbrass.com\/de\/wp-json\/wp\/v2\/users\/1"}],"replies":[{"embeddable":true,"href":"https:\/\/www.navusbrass.com\/de\/wp-json\/wp\/v2\/comments?post=50"}],"version-history":[{"count":2,"href":"https:\/\/www.navusbrass.com\/de\/wp-json\/wp\/v2\/pages\/50\/revisions"}],"predecessor-version":[{"id":152,"href":"https:\/\/www.navusbrass.com\/de\/wp-json\/wp\/v2\/pages\/50\/revisions\/152"}],"wp:attachment":[{"href":"https:\/\/www.navusbrass.com\/de\/wp-json\/wp\/v2\/media?parent=50"}],"curies":[{"name":"wp","href":"https:\/\/api.w.org\/{rel}","templated":true}]}}